{"id":18,"date":"2013-02-02T15:37:01","date_gmt":"2013-02-02T15:37:01","guid":{"rendered":"http:\/\/promotersuisse.ch\/?page_id=18"},"modified":"2020-05-25T08:35:33","modified_gmt":"2020-05-25T08:35:33","slug":"contact","status":"publish","type":"page","link":"https:\/\/promotersuisse.ch\/fr\/contact\/","title":{"rendered":"Contact"},"content":{"rendered":"<p>PromoterSuisse<br \/>\nc\/o Schweizer Bar und Club Kommission<br \/>\nRotachstrasse 24<br \/>\n8003 Z\u00fcrich<\/p>\n<p>T\u00e9l\u00e9phone: +41 76 574 49 76<br \/>\nE-Mail: <a href=\"mailto:info@promotersuisse.ch\">info@promotersuisse.ch<\/a><\/p>\n","protected":false},"excerpt":{"rendered":"<p>PromoterSuisse c\/o Schweizer Bar und Club Kommission Rotachstrasse 24 8003 Z\u00fcrich T\u00e9l\u00e9phone: +41 76 574 49 76 E-Mail: info@promotersuisse.ch<\/p>\n","protected":false},"author":1,"featured_media":0,"parent":0,"menu_order":0,"comment_status":"closed","ping_status":"open","template":"","meta":[],"_links":{"self":[{"href":"https:\/\/promotersuisse.ch\/fr\/wp-json\/wp\/v2\/pages\/18"}],"collection":[{"href":"https:\/\/promotersuisse.ch\/fr\/wp-json\/wp\/v2\/pages"}],"about":[{"href":"https:\/\/promotersuisse.ch\/fr\/wp-json\/wp\/v2\/types\/page"}],"author":[{"embeddable":true,"href":"https:\/\/promotersuisse.ch\/fr\/wp-json\/wp\/v2\/users\/1"}],"replies":[{"embeddable":true,"href":"https:\/\/promotersuisse.ch\/fr\/wp-json\/wp\/v2\/comments?post=18"}],"version-history":[{"count":4,"href":"https:\/\/promotersuisse.ch\/fr\/wp-json\/wp\/v2\/pages\/18\/revisions"}],"predecessor-version":[{"id":84,"href":"https:\/\/promotersuisse.ch\/fr\/wp-json\/wp\/v2\/pages\/18\/revisions\/84"}],"wp:attachment":[{"href":"https:\/\/promotersuisse.ch\/fr\/wp-json\/wp\/v2\/media?parent=18"}],"curies":[{"name":"wp","href":"https:\/\/api.w.org\/{rel}","templated":true}]}}