{"id":20,"date":"2013-02-02T13:20:25","date_gmt":"2013-02-02T13:20:25","guid":{"rendered":"http:\/\/promotersuisse.ch\/?page_id=20"},"modified":"2020-05-25T08:41:24","modified_gmt":"2020-05-25T08:41:24","slug":"membres","status":"publish","type":"page","link":"https:\/\/promotersuisse.ch\/fr\/membres\/","title":{"rendered":"Membres"},"content":{"rendered":"<p><strong>PETZI<\/strong><\/p>\n<p>PETZI est l\u2019association fa\u00eeti\u00e8re des clubs de musique suisses qui oeuvrent, dans un but culturel et non-lucratif, pour le d\u00e9veloppement des musiques actuelles. PETZI est autant le repr\u00e9sentant des int\u00e9r\u00eats des clubs qu\u2019un p\u00f4le d\u2019informations et d\u2019\u00e9change.<\/p>\n<p><a href=\"https:\/\/www.petzi.ch\" target=\"_blank\">www.petzi.ch<\/a><\/p>\n<p><strong>SaferClubbing<\/strong><\/p>\n<p>Safer Clubbing ist eine registrierte Kollektivmarke und steht f\u00fcr Clubs, Bars und Lounges mit hohen Qualit\u00e4tsstandards, welche ihre Eigenverantwortung wahrnehmen und Anliegen der Pr\u00e4vention und der Sicherheit unterst\u00fctzen.<\/p>\n<p>Safer Clubbing f\u00f6rdert ein lebendiges Nachtleben und vertritt die Interessen der Clubs und Bars auf politischer und beh\u00f6rdlicher Ebene. Safer Clubbing setzt sich f\u00fcr faire Rahmenbedingungen im Nachtleben ein und vernetzt sich mit relevanten Playern im In- und Ausland.<\/p>\n<p><a href=\"https:\/\/saferclubbing.ch\/\" target=\"_blank\">www.saferclubbing.ch<\/a><\/p>\n<p><strong>SBCK (Schweizer Bar und Clubkommission)<\/strong><br \/>\nDie Schweizer Bar und Clubkommission (SBCK) ist ein Zusammenschluss lokaler Bar- und Clubkommissionen. Sie verfolgt das Ziel, die Interessen der Kulturschaffenden auf kantonaler und nationaler Ebene zu vertreten. Sie wahrt und f\u00f6rdert die Interessen ihrer Mitglieder in politischer und kultureller Hinsicht. Der Verband versteht sich als Verbindungsglied zwischen den im Nachtleben t\u00e4tigen Unternehmen und den Beh\u00f6rden, der Politik sowie der \u00d6ffentlichkeit und soll das Ansehen der Branche f\u00f6rdern.<\/p>\n<p>Die SBCK ist eine Fachgruppe von Gastrosuisse und vertritt auch dort die Anliegen ihrer Mitglieder. Synergien zwischen Gastrosuisse und der SBCK sollen optimal genutzt und zu Gunsten beider umgesetzt werden.<\/p>\n<p><a href=\"https:\/\/sbck.ch\/\" target=\"_blank\">www.sbck.ch<\/a><\/p>\n<p><strong>SDJ (Suisse Diagonales Jazz)<\/strong><\/p>\n<p>Suisse Diagonales Jazz est l\u2019association fa\u00eeti\u00e8re des organisateurs suisses dans le domaine du jazz contemporain. Elle repr\u00e9sente et d\u00e9fend les int\u00e9r\u00eats de ses membres et encourage les \u00e9changes entre ses membres, les musicien*nes et les groupes au-del\u00e0 de toutes les r\u00e9gions linguistiques.<\/p>\n<p><a href=\"https:\/\/diagonales.ch\/?lang=fr\" target=\"_blank\">www.diagonales.ch<\/a><\/p>\n<p><strong>SMPA (Swiss Music Promoters Association)<\/strong><\/p>\n<p>En 1991 d\u00e9j\u00e0, les principaux organisateurs suisses de concerts, spectacles et festivals de rock et de musique pop ont fond\u00e9 une association professionnelle, la SMPA. Chaque ann\u00e9e, les membres de la SMPA organisent plus de 1&rsquo;250 manifestations en tous genres accueillant plus de 4,6 million spectateurs, et engageant au total environ 2&rsquo;400 artistes et faisant presque 300 millions de swiss francs avec ses tickets, catering et sponsoring.<\/p>\n<p><a href=\"http:\/\/smpa.ch\" target=\"_blank\">www.smpa.ch<\/a><\/p>\n","protected":false},"excerpt":{"rendered":"<p>PETZI PETZI est l\u2019association fa\u00eeti\u00e8re des clubs de musique suisses qui oeuvrent, dans un but culturel et non-lucratif, pour le d\u00e9veloppement des musiques actuelles. PETZI est autant le repr\u00e9sentant des int\u00e9r\u00eats des clubs qu\u2019un p\u00f4le d\u2019informations et d\u2019\u00e9change. www.petzi.ch SaferClubbing Safer Clubbing ist eine registrierte Kollektivmarke und steht f\u00fcr Clubs, Bars und Lounges mit hohen [&hellip;]<\/p>\n","protected":false},"author":1,"featured_media":0,"parent":0,"menu_order":0,"comment_status":"closed","ping_status":"open","template":"","meta":[],"_links":{"self":[{"href":"https:\/\/promotersuisse.ch\/fr\/wp-json\/wp\/v2\/pages\/20"}],"collection":[{"href":"https:\/\/promotersuisse.ch\/fr\/wp-json\/wp\/v2\/pages"}],"about":[{"href":"https:\/\/promotersuisse.ch\/fr\/wp-json\/wp\/v2\/types\/page"}],"author":[{"embeddable":true,"href":"https:\/\/promotersuisse.ch\/fr\/wp-json\/wp\/v2\/users\/1"}],"replies":[{"embeddable":true,"href":"https:\/\/promotersuisse.ch\/fr\/wp-json\/wp\/v2\/comments?post=20"}],"version-history":[{"count":13,"href":"https:\/\/promotersuisse.ch\/fr\/wp-json\/wp\/v2\/pages\/20\/revisions"}],"predecessor-version":[{"id":22,"href":"https:\/\/promotersuisse.ch\/fr\/wp-json\/wp\/v2\/pages\/20\/revisions\/22"}],"wp:attachment":[{"href":"https:\/\/promotersuisse.ch\/fr\/wp-json\/wp\/v2\/media?parent=20"}],"curies":[{"name":"wp","href":"https:\/\/api.w.org\/{rel}","templated":true}]}}