{"id":51,"date":"2013-04-18T06:53:28","date_gmt":"2013-04-18T06:53:28","guid":{"rendered":"http:\/\/promotersuisse.ch\/?page_id=51"},"modified":"2024-06-18T19:14:35","modified_gmt":"2024-06-18T19:14:35","slug":"a-propos-de-promotersuisse","status":"publish","type":"page","link":"https:\/\/promotersuisse.ch\/fr\/","title":{"rendered":"\u00c0 propos de PromoterSuisse"},"content":{"rendered":"<p><strong>Auftrag<\/strong><br \/>\nPromoterSuisse ist der Dachverband der Schweizer Popmusikveranstaltungsbranche. PromoterSuisse bezweckt die F\u00f6rderung, Wahrung und Verteidigung der ideellen, wirtschaftlichen und politischen Interessen der Schweizer Popmusikveranstaltungsbranche und vertritt die Belange der Mitglieder auf nationaler Ebene. PromoterSuisse ist parteipolitisch und konfessionell neutral und unabh\u00e4ngig von offiziellen Stellen.<\/p>\n<p><strong>Ziele<\/strong><br \/>\nPromoterSuisse:<\/p>\n<ul>\n<li>Setzt sich f\u00fcr die Anerkennung von Popmusikveranstaltungen als Kultur ein<\/li>\n<li>Bildet eine strukturelle Vernetzungsplattform f\u00fcr die Schweizer Popmusikveranstaltungsbranche<\/li>\n<li>Vertritt die Interessen der Schweizer Popmusikveranstaltungsbranche auf nationaler Ebene<\/li>\n<li>Tritt als Ansprech- und Verhandlungspartner bei nationalen Anliegen auf<\/li>\n<li>Schafft eine strukturelle Schnittstelle zwischen der Schweizer Popmusikveranstaltungsbranche und national relevanten Beh\u00f6rdenstellen<\/li>\n<li>Unterst\u00fctzt sicherheits- und pr\u00e4ventionsrelevante Anliegen bez\u00fcglich der Durchf\u00fchrung von Popmusikveranstaltungen<\/li>\n<li>Arbeitet mit nationalen Verb\u00e4nden zusammen, wenn es dem Sinn der Sache dient<\/li>\n<li>Tauscht sich mit internationalen Musikpromotorenverb\u00e4nde aus<\/li>\n<\/ul>\n<p><strong>Zielgruppen<\/strong><br \/>\nPromoterSuisse richtet sich an folgende Zielgruppen:<\/p>\n<ul>\n<li>Nationale Musikveranstalterverb\u00e4nde<\/li>\n<li>PolitikerInnen<\/li>\n<li>Nationale Beh\u00f6rden bzw. Beh\u00f6rdenvertreterInnnen<\/li>\n<li>Nationale Kompetenznetzwerke<\/li>\n<li>Musikveranstalterverb\u00e4nde aus dem angrenzenden Ausland<\/li>\n<\/ul>\n<p><strong>Botschaften \/ Inhalte<\/strong><br \/>\nPopmusikveranstaltungen stellen einen wichtigen Bestandteil des schweizerischen kulturellen Angebotes dar. Um dies weiterhin zu gew\u00e4hrleisten, setzt sich PromoterSuisse aktiv bei nationalen Projekten, Gesetzgebungen und Vernehmlassungen welche das Planen, Durchf\u00fchren und Abschliessen von Popmusikveranstaltungen beeinflusst, ein. PromoterSuisse unterst\u00fctzt sicherheits- und pr\u00e4ventionsrelevante Anliegen bez\u00fcglich der Durchf\u00fchrung von Popmusikveranstaltungen und bef\u00e4higt seine Mitglieder ihre Anliegen gegen\u00fcber der \u00d6ffentlichkeit oder regionalen Beh\u00f6rden zu vertreten.<\/p>\n<p><strong>Mitglieder<\/strong><br \/>\nPromoterSuisse Mitglieder sind nationale oder regionale Verb\u00e4nde, Vereine, IGs oder andere<br \/>\nZusammenschl\u00fcsse der Schweizer Popmusikveranstaltungsbranche.<\/p>\n","protected":false},"excerpt":{"rendered":"<p>Auftrag PromoterSuisse ist der Dachverband der Schweizer Popmusikveranstaltungsbranche. PromoterSuisse bezweckt die F\u00f6rderung, Wahrung und Verteidigung der ideellen, wirtschaftlichen und politischen Interessen der Schweizer Popmusikveranstaltungsbranche und vertritt die Belange der Mitglieder auf nationaler Ebene. PromoterSuisse ist parteipolitisch und konfessionell neutral und unabh\u00e4ngig von offiziellen Stellen. Ziele PromoterSuisse: Setzt sich f\u00fcr die Anerkennung von Popmusikveranstaltungen als Kultur [&hellip;]<\/p>\n","protected":false},"author":1,"featured_media":0,"parent":0,"menu_order":0,"comment_status":"closed","ping_status":"open","template":"","meta":[],"_links":{"self":[{"href":"https:\/\/promotersuisse.ch\/fr\/wp-json\/wp\/v2\/pages\/51"}],"collection":[{"href":"https:\/\/promotersuisse.ch\/fr\/wp-json\/wp\/v2\/pages"}],"about":[{"href":"https:\/\/promotersuisse.ch\/fr\/wp-json\/wp\/v2\/types\/page"}],"author":[{"embeddable":true,"href":"https:\/\/promotersuisse.ch\/fr\/wp-json\/wp\/v2\/users\/1"}],"replies":[{"embeddable":true,"href":"https:\/\/promotersuisse.ch\/fr\/wp-json\/wp\/v2\/comments?post=51"}],"version-history":[{"count":7,"href":"https:\/\/promotersuisse.ch\/fr\/wp-json\/wp\/v2\/pages\/51\/revisions"}],"predecessor-version":[{"id":173,"href":"https:\/\/promotersuisse.ch\/fr\/wp-json\/wp\/v2\/pages\/51\/revisions\/173"}],"wp:attachment":[{"href":"https:\/\/promotersuisse.ch\/fr\/wp-json\/wp\/v2\/media?parent=51"}],"curies":[{"name":"wp","href":"https:\/\/api.w.org\/{rel}","templated":true}]}}