{"id":93,"date":"2020-06-06T13:08:13","date_gmt":"2020-06-06T13:08:13","guid":{"rendered":"http:\/\/promotersuisse.ch\/?page_id=93\/"},"modified":"2024-06-18T19:17:40","modified_gmt":"2024-06-18T19:17:40","slug":"informations-covid-19","status":"publish","type":"page","link":"https:\/\/promotersuisse.ch\/fr\/informations-covid-19\/","title":{"rendered":"Informations Covid-19"},"content":{"rendered":"<p><strong>Plan de protection de la branche<\/strong><br \/>\nPromoterSuisse a d\u00e9velopp\u00e9 un mod\u00e8le de plan de protection pour les manifestations de concerts, de clubs, de spectacles et de festivals dans l\u2019espace public en suisse.<\/p>\n<ul class=\"fa-ul\">\n<li><span class=\"fa-li\"><i class=\"fal fa-file-word\"><\/i><\/span><a href=\"http:\/\/promotersuisse.ch\/wp-content\/uploads\/2021\/09\/Schutzkonzept-Covid19_PMS-V5.1_22.09.21-fr.docx\" target=\"_blank\" rel=\"noopener\">Mod\u00e8le de plan de protection pour les manifestations de concerts \u00e0 l&rsquo;interieur en suisse &#8211; Version 5.1 du 22. Septembre 2021<\/a><\/li>\n<\/ul>\n<p>En raison de la situation et des restrictions actuelles, nous ne disposons pas d&rsquo;un mod\u00e8le de plan de protection valable pour les manifestations festivals \u00e0 l&rsquo;heure actuelle. Des versions ant\u00e9rieures du concept de protection se trouvent sous la rubrique Archives.<\/p>\n<p>Archiv<\/p>\n<ul class=\"fa-ul\">\n<li><span class=\"fa-li\"><i class=\"fal fa-file-word\"><\/i><\/span><a href=\"http:\/\/promotersuisse.ch\/wp-content\/uploads\/2021\/06\/Schutzkonzept-Covid19_PMS-V3.1_05.06.21_fr.docx\" target=\"_blank\" rel=\"noopener\">Mod\u00e8le de plan de protection pour les manifestations de concerts \u00e0 l&rsquo;interieur en suisse &#8211; Version 3.1 du 5. Juin 2021<\/a><\/li>\n<li><span class=\"fa-li\"><i class=\"fal fa-file-word\"><\/i><\/span><a href=\"http:\/\/promotersuisse.ch\/wp-content\/uploads\/2021\/05\/schutzkonzept-covid19_pms-v3.0_02.05.21-fr.docx\" target=\"_blank\" rel=\"noopener\">Mod\u00e8le de plan de protection pour les manifestations de concerts \u00e0 l&rsquo;interieur en suisse &#8211; Version 3.0 du 2. Mai 2021<\/a><\/li>\n<li><span class=\"fa-li\"><i class=\"fal fa-file-word\"><\/i><\/span><a href=\"http:\/\/promotersuisse.ch\/wp-content\/uploads\/2020\/06\/schutzkonzept-covid19_pms-v2.0_25.06.20-fr.docx\" target=\"_blank\" rel=\"noopener\">Mod\u00e8le de plan de protection pour les manifestations de concerts, de clubs, de spectactles et de festivals dans l&rsquo;espace public en suisse &#8211; Version 2.0 du 25. Juin 2020<\/a><\/li>\n<li><span class=\"fa-li\"><i class=\"fal fa-file-pdf\"><\/i><\/span><a href=\"http:\/\/promotersuisse.ch\/wp-content\/uploads\/2020\/06\/schutzkonzept-covid19_pms-\u00fcbersicht-varianten-v2.0_25.06.20-fr.pdf\" target=\"_blank\" rel=\"noopener\">Aper\u00e7u variantes des manifestations selon le plan de protection &#8211; Version 2.0 du 25. Juin 2020<\/a><\/li>\n<li><span class=\"fa-li\"><i class=\"fal fa-file-word\"><\/i><\/span><a href=\"http:\/\/promotersuisse.ch\/wp-content\/uploads\/2020\/06\/schutzkonzept-covid19_pms-disclaimer-v2.0_25.06.20-fr.docx\" target=\"_blank\" rel=\"noopener\">Disclaimer &#8211; Plan de protection pour les manifestations de concerts, de clubs, de spectacles et de festivals dans l\u2019espace public en suisse &#8211; Version 2.0 du 25. Juin 2020<\/a><\/li>\n<li><span class=\"fa-li\"><i class=\"fal fa-file-pdf\"><\/i><\/span><a href=\"http:\/\/promotersuisse.ch\/wp-content\/uploads\/2020\/06\/schutzkonzept-covid19_pms-v1.1_05.06.20-fr.pdf\" target=\"_blank\" rel=\"noopener\">Plan de protection pour les manifestations de concerts, de clubs, de spectactles et de festivals dans l&rsquo;espace public en suisse &#8211; Version 1.1 du 5. Juin 2020<\/a><\/li>\n<li><span class=\"fa-li\"><i class=\"fal fa-file-pdf\"><\/i><\/span><a href=\"http:\/\/promotersuisse.ch\/wp-content\/uploads\/2020\/06\/schutzkonzept-covid19_pms-\u00fcbersicht-varianten-v1.0_03.06.20-fr.pdf\" target=\"_blank\" rel=\"noopener\">Aper\u00e7u variantes des manifestations selon le plan de protection &#8211; Version 1.0 du 3. Juin 2020<\/a><\/li>\n<li><span class=\"fa-li\"><i class=\"fal fa-file-pdf\"><\/i><\/span><a href=\"http:\/\/promotersuisse.ch\/wp-content\/uploads\/2020\/06\/schutzkonzept-covid19_pms-disclaimer-v1.0_03.06.20-fr.pdf\" target=\"_blank\" rel=\"noopener\">Disclaimer &#8211; Plan de protection pour les manifestations de concerts, de clubs, de spectacles et de festivals dans l\u2019espace public en suisse &#8211; Version 1.0 du 3. Juin 2020<\/a><\/li>\n<li><span class=\"fa-li\"><i class=\"fal fa-file-pdf\"><\/i><\/span><a href=\"http:\/\/promotersuisse.ch\/wp-content\/uploads\/2020\/06\/schutzkonzept-covid19_pms-v1.0_03.06.20-fr.pdf\" target=\"_blank\" rel=\"noopener\">Plan de protection pour les manifestations de concerts, de clubs, de spectactles et de festivals dans l&rsquo;espace public en suisse &#8211; Version 1.0 du 3. Juin 2020<\/a><\/li>\n<\/ul>\n","protected":false},"excerpt":{"rendered":"<p>Plan de protection de la branche PromoterSuisse a d\u00e9velopp\u00e9 un mod\u00e8le de plan de protection pour les manifestations de concerts, de clubs, de spectacles et de festivals dans l\u2019espace public en suisse. Mod\u00e8le de plan de protection pour les manifestations de concerts \u00e0 l&rsquo;interieur en suisse &#8211; Version 5.1 du 22. Septembre 2021 En raison [&hellip;]<\/p>\n","protected":false},"author":1,"featured_media":0,"parent":0,"menu_order":0,"comment_status":"closed","ping_status":"closed","template":"","meta":[],"_links":{"self":[{"href":"https:\/\/promotersuisse.ch\/fr\/wp-json\/wp\/v2\/pages\/93"}],"collection":[{"href":"https:\/\/promotersuisse.ch\/fr\/wp-json\/wp\/v2\/pages"}],"about":[{"href":"https:\/\/promotersuisse.ch\/fr\/wp-json\/wp\/v2\/types\/page"}],"author":[{"embeddable":true,"href":"https:\/\/promotersuisse.ch\/fr\/wp-json\/wp\/v2\/users\/1"}],"replies":[{"embeddable":true,"href":"https:\/\/promotersuisse.ch\/fr\/wp-json\/wp\/v2\/comments?post=93"}],"version-history":[{"count":16,"href":"https:\/\/promotersuisse.ch\/fr\/wp-json\/wp\/v2\/pages\/93\/revisions"}],"predecessor-version":[{"id":175,"href":"https:\/\/promotersuisse.ch\/fr\/wp-json\/wp\/v2\/pages\/93\/revisions\/175"}],"wp:attachment":[{"href":"https:\/\/promotersuisse.ch\/fr\/wp-json\/wp\/v2\/media?parent=93"}],"curies":[{"name":"wp","href":"https:\/\/api.w.org\/{rel}","templated":true}]}}